{"id":3356,"date":"2024-12-20T08:47:56","date_gmt":"2024-12-20T08:47:56","guid":{"rendered":"https:\/\/maxproject.es\/?page_id=3356"},"modified":"2024-12-20T08:58:31","modified_gmt":"2024-12-20T08:58:31","slug":"politica-de-cookies","status":"publish","type":"page","link":"https:\/\/maxproject.es\/en\/politica-de-cookies\/","title":{"rendered":"Cookies policy"},"content":{"rendered":"<style>.elementor-3356 .elementor-element.elementor-element-b154bef{--display:flex;--flex-direction:row;--container-widget-width:calc( ( 1 - var( --container-widget-flex-grow ) ) * 100% );--container-widget-height:100%;--container-widget-flex-grow:1;--container-widget-align-self:stretch;--flex-wrap-mobile:wrap;--justify-content:flex-start;--align-items:flex-start;--gap:0px 0px;--row-gap:0px;--column-gap:0px;--overlay-opacity:0.5;--padding-top:100px;--padding-bottom:100px;--padding-left:50px;--padding-right:50px;--z-index:999;}.elementor-3356 .elementor-element.elementor-element-b154bef::before, .elementor-3356 .elementor-element.elementor-element-b154bef > .elementor-background-video-container::before, .elementor-3356 .elementor-element.elementor-element-b154bef > .e-con-inner > .elementor-background-video-container::before, .elementor-3356 .elementor-element.elementor-element-b154bef > .elementor-background-slideshow::before, .elementor-3356 .elementor-element.elementor-element-b154bef > .e-con-inner > .elementor-background-slideshow::before, .elementor-3356 .elementor-element.elementor-element-b154bef > .elementor-motion-effects-container > .elementor-motion-effects-layer::before{--background-overlay:'';}.elementor-3356 .elementor-element.elementor-element-b154bef.e-con{--align-self:stretch;}.elementor-3356 .elementor-element.elementor-element-03f1f4c{--display:flex;--justify-content:center;--align-items:flex-start;--container-widget-width:calc( ( 1 - var( --container-widget-flex-grow ) ) * 100% );}.elementor-widget-heading .elementor-heading-title{font-family:var( --e-global-typography-primary-font-family ), Sans-serif;font-size:var( --e-global-typography-primary-font-size );font-weight:var( --e-global-typography-primary-font-weight );color:var( --e-global-color-primary );}.elementor-3356 .elementor-element.elementor-element-8e2c3c7{text-align:start;z-index:1;}.elementor-3356 .elementor-element.elementor-element-8e2c3c7 .elementor-heading-title{font-family:var( --e-global-typography-d602956-font-family ), Sans-serif;font-size:var( --e-global-typography-d602956-font-size );font-weight:var( --e-global-typography-d602956-font-weight );text-transform:var( --e-global-typography-d602956-text-transform );line-height:var( --e-global-typography-d602956-line-height );letter-spacing:var( --e-global-typography-d602956-letter-spacing );word-spacing:var( --e-global-typography-d602956-word-spacing );color:var( --e-global-color-primary );}.elementor-3356 .elementor-element.elementor-element-8e2c3c7 > .elementor-widget-container{margin:0px 0px 0px 0px;}.elementor-widget-text-editor{font-family:var( --e-global-typography-text-font-family ), Sans-serif;font-size:var( --e-global-typography-text-font-size );font-weight:var( --e-global-typography-text-font-weight );line-height:var( --e-global-typography-text-line-height );color:var( --e-global-color-text );}.elementor-widget-text-editor.elementor-drop-cap-view-stacked .elementor-drop-cap{background-color:var( --e-global-color-primary );}.elementor-widget-text-editor.elementor-drop-cap-view-framed .elementor-drop-cap, .elementor-widget-text-editor.elementor-drop-cap-view-default .elementor-drop-cap{color:var( --e-global-color-primary );border-color:var( --e-global-color-primary );}.elementor-3356 .elementor-element.elementor-element-dad402a{font-family:var( --e-global-typography-text-font-family ), Sans-serif;font-size:var( --e-global-typography-text-font-size );font-weight:var( --e-global-typography-text-font-weight );line-height:var( --e-global-typography-text-line-height );color:var( --e-global-color-text );width:var( --container-widget-width, 90% );max-width:90%;--container-widget-width:90%;--container-widget-flex-grow:0;}@media(min-width:768px){.elementor-3356 .elementor-element.elementor-element-b154bef{--content-width:1600px;}.elementor-3356 .elementor-element.elementor-element-03f1f4c{--width:100%;}}@media(max-width:1366px) and (min-width:768px){.elementor-3356 .elementor-element.elementor-element-03f1f4c{--width:100%;}}@media(max-width:1366px){.elementor-3356 .elementor-element.elementor-element-b154bef{--min-height:300px;--flex-direction:column;--container-widget-width:calc( ( 1 - var( --container-widget-flex-grow ) ) * 100% );--container-widget-height:initial;--container-widget-flex-grow:0;--container-widget-align-self:initial;--flex-wrap-mobile:wrap;--justify-content:space-between;--align-items:center;--gap:50px 50px;--row-gap:50px;--column-gap:50px;--padding-top:100px;--padding-bottom:100px;--padding-left:50px;--padding-right:50px;}.elementor-3356 .elementor-element.elementor-element-03f1f4c{--justify-content:center;}.elementor-widget-heading .elementor-heading-title{font-size:var( --e-global-typography-primary-font-size );}.elementor-3356 .elementor-element.elementor-element-8e2c3c7 .elementor-heading-title{font-size:var( --e-global-typography-d602956-font-size );line-height:var( --e-global-typography-d602956-line-height );letter-spacing:var( --e-global-typography-d602956-letter-spacing );word-spacing:var( --e-global-typography-d602956-word-spacing );}.elementor-widget-text-editor{font-size:var( --e-global-typography-text-font-size );line-height:var( --e-global-typography-text-line-height );}.elementor-3356 .elementor-element.elementor-element-dad402a{font-size:var( --e-global-typography-text-font-size );line-height:var( --e-global-typography-text-line-height );width:100%;max-width:100%;}}@media(max-width:1024px){.elementor-3356 .elementor-element.elementor-element-b154bef{--justify-content:space-between;--align-items:flex-start;--container-widget-width:calc( ( 1 - var( --container-widget-flex-grow ) ) * 100% );--gap:0px 0px;--row-gap:0px;--column-gap:0px;--margin-top:0px;--margin-bottom:0px;--margin-left:0px;--margin-right:0px;--padding-top:50px;--padding-bottom:50px;--padding-left:50px;--padding-right:50px;}.elementor-3356 .elementor-element.elementor-element-03f1f4c.e-con{--align-self:stretch;}.elementor-widget-heading .elementor-heading-title{font-size:var( --e-global-typography-primary-font-size );}.elementor-3356 .elementor-element.elementor-element-8e2c3c7 .elementor-heading-title{font-size:var( --e-global-typography-d602956-font-size );line-height:var( --e-global-typography-d602956-line-height );letter-spacing:var( --e-global-typography-d602956-letter-spacing );word-spacing:var( --e-global-typography-d602956-word-spacing );}.elementor-widget-text-editor{font-size:var( --e-global-typography-text-font-size );line-height:var( --e-global-typography-text-line-height );}.elementor-3356 .elementor-element.elementor-element-dad402a{font-size:var( --e-global-typography-text-font-size );line-height:var( --e-global-typography-text-line-height );}}@media(max-width:767px){.elementor-3356 .elementor-element.elementor-element-b154bef{--gap:0px 0px;--row-gap:0px;--column-gap:0px;--margin-top:0px;--margin-bottom:0px;--margin-left:0px;--margin-right:0px;--padding-top:50px;--padding-bottom:50px;--padding-left:20px;--padding-right:20px;}.elementor-widget-heading .elementor-heading-title{font-size:var( --e-global-typography-primary-font-size );}.elementor-3356 .elementor-element.elementor-element-8e2c3c7{text-align:start;}.elementor-3356 .elementor-element.elementor-element-8e2c3c7 .elementor-heading-title{font-size:var( --e-global-typography-d602956-font-size );line-height:var( --e-global-typography-d602956-line-height );letter-spacing:var( --e-global-typography-d602956-letter-spacing );word-spacing:var( --e-global-typography-d602956-word-spacing );}.elementor-3356 .elementor-element.elementor-element-8e2c3c7 > .elementor-widget-container{margin:0px 0px 0px 0px;}.elementor-widget-text-editor{font-size:var( --e-global-typography-text-font-size );line-height:var( --e-global-typography-text-line-height );}.elementor-3356 .elementor-element.elementor-element-dad402a{text-align:start;font-size:var( --e-global-typography-text-font-size );line-height:var( --e-global-typography-text-line-height );}}<\/style>\t\t<div data-elementor-type=\"wp-page\" data-elementor-id=\"3356\" class=\"elementor elementor-3356\" data-elementor-post-type=\"page\">\n\t\t\t\t<div class=\"elementor-element elementor-element-b154bef e-flex e-con-boxed e-con e-parent\" data-id=\"b154bef\" data-element_type=\"container\" data-e-type=\"container\" data-settings=\"{&quot;background_background&quot;:&quot;classic&quot;}\">\n\t\t\t\t\t<div class=\"e-con-inner\">\n\t\t<div class=\"elementor-element elementor-element-03f1f4c e-con-full e-flex elementor-invisible e-con e-child\" data-id=\"03f1f4c\" data-element_type=\"container\" data-e-type=\"container\" data-settings=\"{&quot;animation&quot;:&quot;fadeInUp&quot;,&quot;animation_mobile&quot;:&quot;fadeIn&quot;,&quot;background_background&quot;:&quot;classic&quot;}\">\n\t\t\t\t<div class=\"elementor-element elementor-element-8e2c3c7 animated-slow elementor-invisible elementor-widget elementor-widget-heading\" data-id=\"8e2c3c7\" data-element_type=\"widget\" data-e-type=\"widget\" data-settings=\"{&quot;_animation&quot;:&quot;fadeInUp&quot;}\" data-widget_type=\"heading.default\">\n\t\t\t\t<div class=\"elementor-widget-container\">\n\t\t\t\t\t<h1 class=\"elementor-heading-title elementor-size-default\">Cookies policy<\/h1>\t\t\t\t<\/div>\n\t\t\t\t<\/div>\n\t\t\t\t<div class=\"elementor-element elementor-element-dad402a elementor-widget__width-initial elementor-widget-laptop__width-inherit animated-slow elementor-invisible elementor-widget elementor-widget-text-editor\" data-id=\"dad402a\" data-element_type=\"widget\" data-e-type=\"widget\" data-settings=\"{&quot;_animation&quot;:&quot;fadeInUp&quot;}\" data-widget_type=\"text-editor.default\">\n\t\t\t\t<div class=\"elementor-widget-container\">\n\t\t\t\t\t\t\t\t\t<p>Utilizamos cookies para facilitar el uso de nuestra p\u00e1gina web. Las cookies son peque\u00f1os ficheros de informaci\u00f3n que nos permiten comparar y entender c\u00f3mo nuestros usuarios navegan a trav\u00e9s de nuestra p\u00e1gina web, y de esta manera poder mejorar consecuentemente el proceso de navegaci\u00f3n. Las cookies que utilizamos no almacenan dato personal alguno, ni ning\u00fan tipo de informaci\u00f3n que pueda identificarle. En caso de no querer recibir cookies, por favor configure su navegador de Internet para que las borre del disco duro de su ordenador, las bloquee o le avise en caso de instalaci\u00f3n de las mismas. Para continuar sin cambios en la configuraci\u00f3n de las cookies, simplemente contin\u00fae en la p\u00e1gina web. Puedes obtener m\u00e1s informaci\u00f3n sobre las cookies y su uso en www.aboutcookies.org.<\/p><p>Los tipos de cookies que utilizamos:<\/p><ul><li><strong>Cookies estrictamente necesarias:<\/strong>\u00a0Estas cookies son necesarias para el correcto uso de la p\u00e1gina web, permitiendo el acceso a secciones que cuentan con filtros de seguridad. Sin estas cookies, muchos de los servicios disponibles no estar\u00edan operativos.<\/li><li><strong>Cookies de Navegaci\u00f3n:<\/strong>\u00a0Estas cookies recogen informaci\u00f3n sobre el uso que las visitas hacen de la web, por ejemplo p\u00e1ginas vistas, errores de carga\u2026 Es informaci\u00f3n gen\u00e9rica y an\u00f3nima, donde no se incluyen datos personales, ni se recoge informaci\u00f3n que identifique a los visitantes; siendo el objetivo \u00faltimo mejorar el funcionamiento de la web. Al visitar nuestra p\u00e1gina web, acepta la instalaci\u00f3n de estas cookies en su dispositivo.<\/li><li><strong>Cookies Funcionales<\/strong>: Estas cookies permiten recordar informaci\u00f3n (como su nombre de usuario, idioma o la regi\u00f3n en la que se encuentra) y caracter\u00edsticas m\u00e1s personales. Por ejemplo, la posibilidad de ofrecer contenido personalizado basado en la informaci\u00f3n y criterios que hayas proporcionado voluntariamente. Estas cookies tambi\u00e9n pueden utilizarse para recordar los cambios realizados en el tama\u00f1o del texto, fuentes y otras partes personalizables de la p\u00e1gina web. Tambi\u00e9n se utilizan para ofrecer algunos servicios solicitados, como ver un video o comentar en un blog. La informaci\u00f3n que recopilan estas cookies puede ser an\u00f3nima y no podr\u00e1 ser seguida su actividad en otras p\u00e1ginas web. Al visitar nuestra p\u00e1gina web, aceptas la instalaci\u00f3n de estas cookies en tu dispositivo.<\/li><\/ul><p>La Pol\u00edtica de Cookies se actualiz\u00f3 por \u00faltima vez marzo de 2016.<\/p><h3>Tipos posibles de cookies<\/h3><ul><li><strong>Cookies de sesi\u00f3n:<\/strong>\u00a0Son un tipo de cookies dise\u00f1adas para recabar y almacenar datos mientras el usuario accede a una p\u00e1gina web, y no queda registrada en el disco del usuario.<\/li><li><strong>Cookies persistentes:<\/strong>\u00a0Son un tipo de cookies en el que los datos siguen almacenados en el terminal y pueden ser accedidos y tratados durante un periodo definido por el responsable de la cookie, y que puede ir de unos minutos a varios a\u00f1os.<\/li><\/ul><p>Las cookies tambi\u00e9n pueden ser:<\/p><ul><li><strong>Propias:<\/strong>\u00a0son cookies generadas por la propia p\u00e1gina web que se est\u00e1 visitando.<\/li><li><strong>De terceros:<\/strong>\u00a0son cookies que se reciben al navegar por esa p\u00e1gina web, pero que han sido generadas por un tercer servicio que se encuentra hospedado en ella.<\/li><\/ul><p><strong>Fines de las cookies<\/strong><\/p><ul><li><strong>Fines t\u00e9cnicos:\u00a0<\/strong>Son necesarias para el funcionamiento de la p\u00e1gina web. Son las denominadas tambi\u00e9n estrictamente necesarias. Hacen posible el control de tr\u00e1fico desde el servidor a m\u00faltiples usuarios a la vez, la identificaci\u00f3n y el acceso como usuario del sistema, etc.<\/li><li><strong>Personalizaci\u00f3n:\u00a0<\/strong>Hacen posible que cada usuario pueda configurar aspectos como el lenguaje en el que desea ver la p\u00e1gina web o la configuraci\u00f3n regional.<\/li><li><strong>An\u00e1lisis o rendimiento:\u00a0<\/strong>Permiten medir el n\u00famero de visitas y criterios de navegaci\u00f3n de diferentes \u00e1reas de la web de forma an\u00f3nima.<\/li><li><strong>Publicidad:\u00a0<\/strong>Permiten implementar par\u00e1metros de eficiencia en la publicidad ofrecida en las p\u00e1ginas web.<\/li><li><strong>Publicidad comportamental:<\/strong>\u00a0Permiten implementar par\u00e1metros de eficiencia en la publicidad ofrecida en las p\u00e1ginas web, basados en informaci\u00f3n sobre el comportamiento de los usuarios.<\/li><\/ul><h3>Uso de Cookies<\/h3><p>Maxproject.es\u00a0utiliza las siguientes COOKIES: Cookies de an\u00e1lisis, en concreto Cookies de Google Analytics, y Cookies publicitarias.<\/p><ul><li><strong>Cookies de an\u00e1lisis:<\/strong>\u00a0Son aqu\u00e9llas que permiten al responsable de las mismas, el seguimiento y an\u00e1lisis del comportamiento de los usuarios de los sitios web a los que est\u00e1n vinculadas. La informaci\u00f3n recogida mediante este tipo de cookies se utiliza en la medici\u00f3n de la actividad de los sitios web, aplicaci\u00f3n o plataforma y para la elaboraci\u00f3n de perfiles de navegaci\u00f3n de los usuarios de dichos sitios, aplicaciones y plataformas, con el fin de introducir mejoras en funci\u00f3n del an\u00e1lisis de los datos de uso que hacen los usuarios del servicio.<\/li><li><strong>Cookies publicitarias:<\/strong>\u00a0Son aqu\u00e9llas que permiten la gesti\u00f3n, de la forma m\u00e1s eficaz posible, de los espacios publicitarios que, en su caso, el editor haya incluido en una p\u00e1gina web, aplicaci\u00f3n o plataforma desde la que presta el servicio solicitado en base a criterios como el contenido editado o la frecuencia en la que se muestran los anuncios.<\/li><li><strong>Cookies de publicidad comportamental:\u00a0<\/strong>Son aqu\u00e9llas que permiten la gesti\u00f3n, de la forma m\u00e1s eficaz posible, de los espacios publicitarios que, en su caso, el editor haya incluido en una p\u00e1gina web, aplicaci\u00f3n o plataforma desde la que presta el servicio solicitado. Estas cookies almacenan informaci\u00f3n del comportamiento de los usuarios obtenida a trav\u00e9s de la observaci\u00f3n continuada de sus h\u00e1bitos de navegaci\u00f3n, lo que permite desarrollar un perfil espec\u00edfico para mostrar publicidad en funci\u00f3n del mismo.<\/li><\/ul><p><strong>Estrictamente necesarias<\/strong><\/p><p>Las Cookies estrictamente necesarias le permiten navegar por la p\u00e1gina web y usar sus funciones esenciales. Estas cookies no recogen ninguna informaci\u00f3n sobre su navegaci\u00f3n que pueda ser utilizada por acciones de marketing o para recordar por qu\u00e9 p\u00e1ginas ha navegado.<\/p><table><tbody><tr><td>COOKIE<\/td><td>DURACION<\/td><td>PROVEEDOR<\/td><td>DESCRIPCION<\/td><\/tr><tr><td>__utma<\/td><td>Persistente<\/td><td>Google<\/td><td>Permiten al servicio de Google Analytics recoger estad\u00edsticas an\u00f3nimas sobre el uso de nuestra web.<\/td><\/tr><tr><td>__utmb<\/td><td>30 minutos<\/td><td>Google<\/td><td>Permiten al servicio de Google Analytics recoger estad\u00edsticas an\u00f3nimas sobre el uso de nuestra web.<\/td><\/tr><tr><td>__utmc<\/td><td>sesi\u00f3n<\/td><td>Google<\/td><td>Permiten al servicio de Google Analytics recoger estad\u00edsticas an\u00f3nimas sobre el uso de nuestra web.<\/td><\/tr><tr><td>__utmz<\/td><td>6 meses<\/td><td>Google<\/td><td>Permiten al servicio de Google Analytics recoger estad\u00edsticas an\u00f3nimas sobre el uso de nuestra web.<\/td><\/tr><\/tbody><\/table><h3>C\u00f3mo desinstalar cookies<\/h3><p>Si quieres borrar de tu navegador las cookies registradas por Maxproject.es aqu\u00ed tienes instrucciones para distintos navegadores:<\/p><ul><li><strong>Internet Explorer:<\/strong>\u00a0<a href=\"http:\/\/windows.microsoft.com\/es-es\/internet-explorer\/delete-manage-cookies\" target=\"_blank\" rel=\"noopener\">http:\/\/windows.microsoft.com\/es-es\/internet-explorer\/delete-manage-cookies<\/a><\/li><li><strong>Google Chrome:<\/strong>\u00a0<a href=\"https:\/\/support.google.com\/chrome\/answer\/95647\" target=\"_blank\" rel=\"noopener\">https:\/\/support.google.com\/chrome\/answer\/95647<\/a><\/li><li><strong>Firefox:\u00a0<\/strong><a href=\"http:\/\/support.mozilla.org\/kb\/delete-cookies-remove-info-websites-stored\" target=\"_blank\" rel=\"noopener\">http:\/\/support.mozilla.org\/kb\/delete-cookies-remove-info-websites-stored<\/a><\/li><li><strong>Safari:<\/strong> <a href=\"https:\/\/support.apple.com\/es-us\/guide\/safari\/sfri11471\/mac\">https:\/\/support.apple.com\/es-us\/guide\/safari\/sfri11471\/mac<\/a><\/li><\/ul>\t\t\t\t\t\t\t\t<\/div>\n\t\t\t\t<\/div>\n\t\t\t\t<\/div>\n\t\t\t\t\t<\/div>\n\t\t\t\t<\/div>\n\t\t\t\t<\/div>","protected":false},"excerpt":{"rendered":"<p>Pol\u00edtica de cookies Utilizamos cookies para facilitar el uso de nuestra p\u00e1gina web. Las cookies son peque\u00f1os ficheros de informaci\u00f3n que nos permiten comparar y entender c\u00f3mo nuestros usuarios navegan a trav\u00e9s de nuestra p\u00e1gina web, y de esta manera poder mejorar consecuentemente el proceso de navegaci\u00f3n. Las cookies que utilizamos no almacenan dato personal [&hellip;]<\/p>\n","protected":false},"author":3,"featured_media":0,"parent":0,"menu_order":0,"comment_status":"closed","ping_status":"closed","template":"elementor_header_footer","meta":{"_acf_changed":false,"footnotes":""},"class_list":["post-3356","page","type-page","status-publish","hentry"],"acf":[],"_links":{"self":[{"href":"https:\/\/maxproject.es\/en\/wp-json\/wp\/v2\/pages\/3356","targetHints":{"allow":["GET"]}}],"collection":[{"href":"https:\/\/maxproject.es\/en\/wp-json\/wp\/v2\/pages"}],"about":[{"href":"https:\/\/maxproject.es\/en\/wp-json\/wp\/v2\/types\/page"}],"author":[{"embeddable":true,"href":"https:\/\/maxproject.es\/en\/wp-json\/wp\/v2\/users\/3"}],"replies":[{"embeddable":true,"href":"https:\/\/maxproject.es\/en\/wp-json\/wp\/v2\/comments?post=3356"}],"version-history":[{"count":8,"href":"https:\/\/maxproject.es\/en\/wp-json\/wp\/v2\/pages\/3356\/revisions"}],"predecessor-version":[{"id":3377,"href":"https:\/\/maxproject.es\/en\/wp-json\/wp\/v2\/pages\/3356\/revisions\/3377"}],"wp:attachment":[{"href":"https:\/\/maxproject.es\/en\/wp-json\/wp\/v2\/media?parent=3356"}],"curies":[{"name":"wp","href":"https:\/\/api.w.org\/{rel}","templated":true}]}}